{"id":3,"date":"2021-10-22T06:36:37","date_gmt":"2021-10-22T04:36:37","guid":{"rendered":"https:\/\/ganzohr.hfmt-hamburg.de\/?page_id=3"},"modified":"2025-05-21T20:57:37","modified_gmt":"2025-05-21T18:57:37","slug":"datenschutzerklaerung","status":"publish","type":"page","link":"https:\/\/ganzohr.hfmt-hamburg.de\/index.php\/datenschutzerklaerung\/","title":{"rendered":"Datenschutzhinweise"},"content":{"rendered":"\n<h1 class=\"wp-block-heading\">Datenschutzerkl\u00e4rung zur Website &#8222;Ganz Ohr! Musik f\u00fcr Kinder&#8220;<\/h1>\n\n\n\n<p>1. <strong>Kontaktdaten des Verantwortlichen<\/strong><\/p>\n\n\n\n<p>Verantwortlich im Sinne der Datenschutzgrundverordnung und anderer nationaler Datenschutzgesetze der EU-Mitgliedstaaten sowie sonstiger datenschutzrechtlicher Bestimmungen ist die:<\/p>\n\n\n\n<p>Hochschule f\u00fcr Musik und Theater Hamburg<br>Harvestehuder Weg 12<br>20148 Hamburg<br>Tel.: +49 40 428482-200<br>Fax: +49 40 428482-666<\/p>\n\n\n\n<p><strong>Rechtsform und gesetzliche Vertretung<\/strong><\/p>\n\n\n\n<p>Die Hochschule f\u00fcr Musik und Theater Hamburg ist eine K\u00f6rperschaft des \u00d6ffentlichen Rechts. Sie wird gesetzlich vertreten durch Prof. Dr. Jan Philipp Sprick, Pr\u00e4sident, Pr\u00e4sident der Hochschule f\u00fcr Musik und Theater Hamburg, Harvestehuder Weg 12, D-20148 Hamburg.<\/p>\n\n\n\n<p>2. <strong>Kontaktdaten des Datenschutzbeauftragten der HfMT Hamburg<\/strong><\/p>\n\n\n\n<p>Oliver Stutz<br>datenschutz nord GmbH<br>Konsul-Smidt-Str. 88<br>28217 Bremen<br>Web:&nbsp;<a href=\"http:\/\/www.datenschutz-nord-gruppe.de\/\">www.datenschutz-nord-gruppe.de<\/a><br>E-Mail: office[at]datenschutz-nord.de<\/p>\n\n\n\n<p>3. <strong>Personenbezogene Daten<\/strong><\/p>\n\n\n\n<p>Die HfMT Hamburg kann im Rahmen der Website &#8222;Ganz Ohr! Musik f\u00fcr Kinder&#8220; folgende personenbezogene Daten der Nutzer*innen verarbeiten:<\/p>\n\n\n\n<ul class=\"wp-block-list\">\n<li>IP-Adresse<\/li>\n\n\n\n<li>Informationen \u00fcber den Browsertyp und die verwendete Version<\/li>\n\n\n\n<li>Datum und Uhrzeit des Zugriffs<\/li>\n\n\n\n<li>Internet-Service-Provider des\/ der Nutzer*in<\/li>\n\n\n\n<li>Betriebssystem des\/ der Nutzer*in<\/li>\n\n\n\n<li>Websites, von denen das System des\/ der Nutzer*in auf die Website &#8222;Ganz Ohr! Musik f\u00fcr Kinder&#8220; gelangt<\/li>\n\n\n\n<li>Aufgerufene Seite\/Name der abgerufenen Datei<\/li>\n\n\n\n<li>\u00dcbertragene Datenmenge<\/li>\n\n\n\n<li>Meldung, ob der Zugriff\/Abruf erfolgreich war<\/li>\n<\/ul>\n\n\n\n<p>4. <strong>Datenverarbeitung<\/strong><\/p>\n\n\n\n<ul class=\"wp-block-list\">\n<li><strong>Bereitstellung der Website und Erstellung von Logfiles<\/strong><\/li>\n<\/ul>\n\n\n\n<p>Bei jedem Aufruf und jeder Nutzung dieser Website werden die obengenannten personenbezogenen Daten erfasst. Diese personenbezogenen Daten werden in Logfiles der Server gespeichert. Die Rechtsgrundlage hierf\u00fcr ist Art. 6 Abs. 1 S. 1e), Abs. 3 DSGVO, \u00a7 4 HmbDSG, \u00a7 75 S. 1 HmbHG.<\/p>\n\n\n\n<ul class=\"wp-block-list\">\n<li><strong>Verwendung von Cookies<\/strong><\/li>\n<\/ul>\n\n\n\n<p>Teile unserer Website verwenden Cookies. Bei Cookies handelt es sich um Textdateien, die im Internetbrowser bzw. vom Internetbrowser auf dem Computer des \/der Nutzer*in gespeichert werden. Ruft ein\/ eine Nutzer*in eine Website auf, so kann ein Cookie auf dem Betriebssystem des\/der Nutzer*in gespeichert werden. Dieser Cookie enth\u00e4lt eine charakteristische Zeichenfolge, die eine eindeutige Identifizierung des Browsers beim erneuten Aufrufen der Website erm\u00f6glicht.<\/p>\n\n\n\n<p>Cookies werden auf dem Rechner des \/der Nutzer*in gespeichert und von diesem an uns \u00fcbermittelt. Daher haben Sie als Nutzer*in auch die volle Kontrolle \u00fcber die Verwendung von Cookies. Durch eine \u00c4nderung in Ihrem Internetbrowser k\u00f6nnen Sie die \u00dcbertragung von Cookies deaktivieren oder einschr\u00e4nken. Werden Cookies f\u00fcr unsere Website deaktiviert, k\u00f6nnen m\u00f6glicherweise nicht mehr alle Funktionen der Website vollumf\u00e4nglich genutzt werden. Die Rechtsgrundlage hierf\u00fcr ist Art. 6 Abs. 1 S. 1a) DSGVO.<\/p>\n\n\n\n<p>5. <strong>Zwecke der Datenverarbeitung<\/strong><\/p>\n\n\n\n<p>Der allgemeine Zweck der Datenverarbeitung auf der Website ist es, der \u00d6ffentlichkeit zu erm\u00f6glichen, sich \u00fcber die Projektinhalte des Projektes &#8222;Ganz Ohr! Musik f\u00fcr Kinder&#8220; zu informieren.<\/p>\n\n\n\n<p>Um dies zu erreichen, werden die personenbezogenen Daten der Nutzer*innen wie folgt verarbeitet.<\/p>\n\n\n\n<ul class=\"wp-block-list\">\n<li><strong>Bei der Bereitstellung der Website und Erstellung von Logfiles<\/strong><\/li>\n<\/ul>\n\n\n\n<p>Die vor\u00fcbergehende Speicherung der IP-Adresse durch das System ist erforderlich, um eine Auslieferung der Website an den Rechner des\/ der Nutzer*in zu erm\u00f6glichen. Hierf\u00fcr muss die IP-Adresse des\/ der Nutzer*in f\u00fcr die Dauer der Sitzung gespeichert bleiben.<\/p>\n\n\n\n<p>Die Speicherung in Logfiles erfolgt zur Sicherstellung der Funktionsf\u00e4higkeit der Website, zur Optimierung der Inhalte der Website sowie zur Sicherstellung der Sicherheit unserer informationstechnischen Systeme.<\/p>\n\n\n\n<p>Diese Daten werden au\u00dferdem f\u00fcr statistische Zwecke und zur Verbesserung des Angebots ausgewertet.<\/p>\n\n\n\n<p>Eine andere Verarbeitung erfolgt nicht.<\/p>\n\n\n\n<ul class=\"wp-block-list\">\n<li><strong>Bei der Verwendung von Cookies<\/strong><\/li>\n<\/ul>\n\n\n\n<p>Der Zweck der Verwendung technisch notwendiger Cookies ist, die Nutzung von Websites f\u00fcr die Nutzer*innen zu vereinfachen.<\/p>\n\n\n\n<ul class=\"wp-block-list\">\n<li><strong>L\u00f6schung der personenbezogenen Daten&nbsp;<\/strong><\/li>\n<\/ul>\n\n\n\n<p>Die Daten werden gel\u00f6scht, sobald sie f\u00fcr die Erreichung des Zweckes ihrer Erhebung nicht mehr erforderlich sind.<\/p>\n\n\n\n<p>Im Falle der Erfassung der Daten zur Bereitstellung der Website ist dies der Fall, wenn die jeweilige Sitzung beendet ist.<\/p>\n\n\n\n<p>Im Falle der Speicherung der Daten in Logfiles erfolgt dies nach sp\u00e4testens sieben Tagen. Eine dar\u00fcberhinausgehende Speicherung ist m\u00f6glich. In diesem Fall werden die IP-Adressen der Nutzer*innen gel\u00f6scht oder verfremdet, so dass eine Zuordnung des aufrufenden Clients nicht mehr m\u00f6glich ist.<\/p>\n\n\n\n<p>Bereits gespeicherte Cookies k\u00f6nnen jederzeit von den Nutzer*innen gel\u00f6scht werden. Dies kann auch automatisiert erfolgen.<\/p>\n\n\n\n<ul class=\"wp-block-list\">\n<li><strong>Zur Verwaltung der eingesetzten Cookies und \u00e4hnlichen Technologien<\/strong><\/li>\n<\/ul>\n\n\n\n<p>Zur Verwaltung der eingesetzten Cookies und \u00e4hnlichen Technologien (Tracking-Pixel, Web-Beacons etc.) und diesbez\u00fcglicher Einwilligungen setzen wir das Consent Tool \u201eCCM19\u201c ein. Details zur Funktionsweise von \u201eCCM19\u201c findest du unter&nbsp;<a href=\"https:\/\/www.ccm19.de\/faq\/\">https:\/\/www.ccm19.de\/faq\/<\/a><\/p>\n\n\n\n<p>Rechtsgrundlagen f\u00fcr die Verarbeitung von personenbezogenen Daten in diesem Zusammenhang sind Art. 6 Abs. 1 lit. c DS-GVO und Art. 6 Abs. 1 lit. f DS-GVO. Unser berechtigtes Interesse ist die Verwaltung der eingesetzten Cookies und \u00e4hnlichen Technologien und der diesbez\u00fcglichen Einwilligungen.<\/p>\n\n\n\n<p>Die Bereitstellung der personenbezogenen Daten ist weder vertraglich vorgeschrieben noch f\u00fcr den Abschluss eines Vertrages notwendig. Du bist nicht verpflichtet die personenbezogenen Daten bereitzustellen. Wenn du die personenbezogenen Daten nicht bereitstellst, k\u00f6nnen wir deine Einwilligungen nicht verwalten.<\/p>\n\n\n\n<p>6. <strong>Rechte der betroffenen Person<\/strong><\/p>\n\n\n\n<p>Betroffene haben folgende Rechte:<\/p>\n\n\n\n<ul class=\"wp-block-list\">\n<li>Recht auf Auskunft \u00fcber die bei uns zu ihrer Person gespeicherten Daten (Art. 15 DSGVO);<\/li>\n\n\n\n<li>Recht auf Berichtigung unrichtiger oder unvollst\u00e4ndiger personenbezogener Daten (Art. 16 DSGVO);<\/li>\n\n\n\n<li>Recht auf L\u00f6schung gespeicherter personenbezogener Daten, soweit nicht die Verarbeitung zur Aus\u00fcbung des Rechts auf freie Meinungs\u00e4u\u00dferung und Information, zur Erf\u00fcllung einer rechtlichen Verpflichtung, aus Gr\u00fcnden des \u00f6ffentlichen Interesses oder zur Geltendmachung, Aus\u00fcbung oder Verteidigung von Rechtsanspr\u00fcchen erforderlich ist (Art. 17 DSGVO);<\/li>\n\n\n\n<li>Recht auf Einschr\u00e4nkung der Verarbeitung personenbezogener Daten (Art. 18 DSGVO);<\/li>\n\n\n\n<li>Recht auf Widerspruch gegen eine Verarbeitung, die unserem berechtigten Interesse, einem \u00f6ffentlichen Interesse oder einem Profiling dient, es sei denn, wir k\u00f6nnen zwingende schutzw\u00fcrdige Gr\u00fcnde f\u00fcr die Verarbeitung nachweisen, die Ihre Interessen, Rechte und Freiheiten \u00fcberwiegen, oder die Verarbeitung dient der Geltendmachung, Aus\u00fcbung oder Verteidigung von Rechtsanspr\u00fcchen (Art. 21 DSGVO),<\/li>\n\n\n\n<li>Recht eine von Ihnen erteilte Einwilligung zur Erhebung, Verarbeitung und Nutzung Ihrer personenbezogenen Daten jederzeit mit Wirkung f\u00fcr die Zukunft zu widerrufen (Art. 7 Abs. 3 DSGVO). Dies hat zur Folge, dass wir die Datenverarbeitung, die auf dieser Einwilligung beruhte, f\u00fcr die Zukunft nicht mehr fortf\u00fchren d\u00fcrfen.<\/li>\n\n\n\n<li>Ihr Recht auf Widerspruch, Widerruf und Korrektur k\u00f6nnen Sie gegen\u00fcber folgender Anschrift geltend machen:<\/li>\n<\/ul>\n\n\n\n<p>Oliver Stutz<\/p>\n\n\n\n<p>datenschutz nord GmbH<br>Konsul-Smidt-Stra\u00dfe 88<br>28217 Bremen<br>Web:&nbsp;<a href=\"https:\/\/www.datenschutz-nord-gruppe.de\/\">www.datenschutz-nord-gruppe.de<\/a><br>E-Mail: office[at]datenschutz-nord.de<\/p>\n\n\n\n<p>Recht auf Beschwerde bei einer Aufsichtsbeh\u00f6rde, wenn Sie der Ansicht sind, dass die Verarbeitung der Sie betreffenden personenbezogenen Daten gegen die DSGVO verst\u00f6\u00dft (Art. 77 DSGVO).<\/p>\n","protected":false},"excerpt":{"rendered":"<p>Datenschutzerkl\u00e4rung zur Website &#8222;Ganz Ohr! Musik f\u00fcr Kinder&#8220; 1. Kontaktdaten des Verantwortlichen Verantwortlich im Sinne der Datenschutzgrundverordnung und anderer nationaler Datenschutzgesetze der EU-Mitgliedstaaten sowie sonstiger datenschutzrechtlicher Bestimmungen ist die: Hochschule f\u00fcr Musik und Theater HamburgHarvestehuder Weg 1220148 HamburgTel.: +49 40 428482-200Fax: +49 40 428482-666 Rechtsform und gesetzliche Vertretung Die Hochschule f\u00fcr Musik und Theater Hamburg [&hellip;]<\/p>\n","protected":false},"author":1,"featured_media":0,"parent":0,"menu_order":0,"comment_status":"closed","ping_status":"open","template":"","meta":{"footnotes":""},"class_list":["post-3","page","type-page","status-publish","czr-hentry"],"_links":{"self":[{"href":"https:\/\/ganzohr.hfmt-hamburg.de\/index.php\/wp-json\/wp\/v2\/pages\/3","targetHints":{"allow":["GET"]}}],"collection":[{"href":"https:\/\/ganzohr.hfmt-hamburg.de\/index.php\/wp-json\/wp\/v2\/pages"}],"about":[{"href":"https:\/\/ganzohr.hfmt-hamburg.de\/index.php\/wp-json\/wp\/v2\/types\/page"}],"author":[{"embeddable":true,"href":"https:\/\/ganzohr.hfmt-hamburg.de\/index.php\/wp-json\/wp\/v2\/users\/1"}],"replies":[{"embeddable":true,"href":"https:\/\/ganzohr.hfmt-hamburg.de\/index.php\/wp-json\/wp\/v2\/comments?post=3"}],"version-history":[{"count":5,"href":"https:\/\/ganzohr.hfmt-hamburg.de\/index.php\/wp-json\/wp\/v2\/pages\/3\/revisions"}],"predecessor-version":[{"id":1522,"href":"https:\/\/ganzohr.hfmt-hamburg.de\/index.php\/wp-json\/wp\/v2\/pages\/3\/revisions\/1522"}],"wp:attachment":[{"href":"https:\/\/ganzohr.hfmt-hamburg.de\/index.php\/wp-json\/wp\/v2\/media?parent=3"}],"curies":[{"name":"wp","href":"https:\/\/api.w.org\/{rel}","templated":true}]}}