{"id":25,"date":"2021-11-03T19:05:45","date_gmt":"2021-11-03T18:05:45","guid":{"rendered":"https:\/\/ganzohr.hfmt-hamburg.de\/?page_id=25"},"modified":"2026-01-05T19:54:03","modified_gmt":"2026-01-05T18:54:03","slug":"impressum","status":"publish","type":"page","link":"https:\/\/ganzohr.hfmt-hamburg.de\/index.php\/impressum\/","title":{"rendered":"Impressum"},"content":{"rendered":"\n<h1 class=\"wp-block-heading\">Impressum<\/h1>\n\n\n\n<p>Angaben gem\u00e4\u00df \u00a7 5 TMG<\/p>\n\n\n\n<h3 class=\"wp-block-heading\">Ganz Ohr! Musik f\u00fcr Kinder<\/h3>\n\n\n\n<p><strong>Seit 2022 Projektleitung:<br><\/strong>Prof. Dr. Almuth S\u00fcberkr\u00fcb, Hamburg<\/p>\n\n\n\n<p><strong>Projektb\u00fcro<\/strong><br>&#8222;Ganz Ohr! Musik f\u00fcr Kinder&#8220;<br>Hochschule f\u00fcr Musik und Theater Hamburg<br>Harvestehuder Weg 12<br>20148 Hamburg<\/p>\n\n\n\n<p><strong>Kuratorium:<\/strong><br>Prof. Dr. Almuth S\u00fcberkr\u00fcb, Hamburg (Vorsitz)<br>Prof. Dr. Christopher Azzara, Rochester\/NY (USA)<br>Prof. Dr. Hans B\u00e4\u00dfler, Hamburg<br>Prof. Dr. Andr\u00e9 Lee, Hannover<br>Prof. Dr. Helena Rodrigues, Lissabon (Portugal)<br>Prof. Friederike Stahmer, Hannover<\/p>\n\n\n\n<p><strong>Texte<\/strong><br>Gunda Landwehr<br>Ines Stricker<br>Silke Stuck<br>Almuth S\u00fcberkr\u00fcb<br>&nbsp;<\/p>\n\n\n\n<p><strong>Initiatoren und Kuratorium bis 2021:&nbsp;<\/strong><\/p>\n\n\n\n<p>Projektleitung: Prof. Dr. Hans B\u00e4\u00dfler<\/p>\n\n\n\n<p><strong>Kuratorium&nbsp;<\/strong><br>Prof. Dr. Hans B\u00e4\u00dfler, Hannover (Vorsitzender)<br>Prof. Dr. Franz Riemer, Hannover<br>Prof. Dr. Eckart Altenm\u00fcller, Hannover<br>Dagmar Munck, Stuttgart<br>Dr. Klaus K. Weigele, Ochsenhausen<br>Dr. Johannes Graulich, Stuttgart<br>Gunda Landwehr, Hamburg<\/p>\n\n\n\n<p>Bis 2021 war \u201eGanz Ohr Musik f\u00fcr Kinder\u201c getragen durch eine Kooperation von Hochschule f\u00fcr Musik, Theater und Medien Hannover, Carus-Verlag Stuttgart, S\u00fcdwestrundfunk und Landesakademie f\u00fcr die musizierende Jugend in Baden-W\u00fcrttemberg (Ochsenhausen)<\/p>\n\n\n\n<h3 class=\"wp-block-heading\">Rechtliche Hinweise<\/h3>\n\n\n\n<p>Die auf der Website <a href=\"https:\/\/ganzohr.hfmt-hamburg.de\/\">ganzohr.hfmt-hamburg.de<\/a>&nbsp;verwendeten Fotos und Grafiken sind urheberrechtlich gesch\u00fctzt.<\/p>\n\n\n\n<p>\u00a9Hochschule f\u00fcr Musik, Theater und Medien Hannover (HMTMH)<br>\u00a9Carus-Verlag, Stuttgart<br>\u00a9J\u00fcrgen Schmerberg<br>\u00a9123RF.com<br>\u00a9depositphotos.com\/Mikael Damkier, Deaurinko, Diana Taliun, Irina Borsuchenko, Xalanx, Ilin Sergey, Rafael Ben-Ari, Andy Dean, Alexey Kuznetsov, Petro Feketa, Yuri Arcurs, Oksana Kuzmina, Mitar Gavric, Jasmin Merdan, Phuchong Choksamai, IS_2, photography33, Aleksander Suprunenko, Tatiana Kostareva, Valeria Tarleva, Frenk and Danielle Kaufmann<\/p>\n\n\n\n<p><strong>Haftung f\u00fcr Inhalte<\/strong><br>Als Diensteanbieter sind wir gem\u00e4\u00df \u00a7 7 Abs.1 TMG f\u00fcr eigene Inhalte auf diesen Seiten nach den allgemeinen Gesetzen verantwortlich. Nach \u00a7\u00a7 8 bis 10 TMG sind wir als Diensteanbieter jedoch nicht verpflichtet, \u00fcbermittelte oder gespeicherte fremde Informationen zu \u00fcberwachen oder nach Umst\u00e4nden zu forschen, die auf eine rechtswidrige T\u00e4tigkeit hinweisen.<\/p>\n\n\n\n<p>Verpflichtungen zur Entfernung oder Sperrung der Nutzung von Informationen nach den allgemeinen Gesetzen bleiben hiervon unber\u00fchrt. Eine diesbez\u00fcgliche Haftung ist jedoch erst ab dem Zeitpunkt der Kenntnis einer konkreten Rechtsverletzung m\u00f6glich. Bei Bekanntwerden von entsprechenden&nbsp;<\/p>\n\n\n\n<p>Rechtsverletzungen werden wir diese Inhalte umgehend entfernen.<\/p>\n\n\n\n<p><strong>Urheberrecht<\/strong><br>Die durch die Seitenbetreiber erstellten Inhalte und Werke auf diesen Seiten unterliegen dem deutschen Urheberrecht. Die Vervielf\u00e4ltigung, Bearbeitung, Verbreitung und jede Art der Verwertung au\u00dferhalb der Grenzen des Urheberrechtes bed\u00fcrfen der schriftlichen Zustimmung des jeweiligen Autors bzw. Erstellers. Downloads und Kopien dieser Seite sind nur f\u00fcr den privaten, nicht kommerziellen Gebrauch gestattet.<\/p>\n\n\n\n<p>Soweit die Inhalte auf dieser Seite nicht vom Betreiber erstellt wurden, werden die Urheberrechte Dritter beachtet. Insbesondere werden Inhalte Dritter als solche gekennzeichnet. Sollten Sie trotzdem auf eine Urheberrechtsverletzung aufmerksam werden, bitten wir um einen entsprechenden Hinweis. Bei Bekanntwerden von Rechtsverletzungen werden wir derartige Inhalte umgehend entfernen.<\/p>\n","protected":false},"excerpt":{"rendered":"<p>Impressum Angaben gem\u00e4\u00df \u00a7 5 TMG Ganz Ohr! Musik f\u00fcr Kinder Seit 2022 Projektleitung:Prof. Dr. Almuth S\u00fcberkr\u00fcb, Hamburg Projektb\u00fcro&#8222;Ganz Ohr! Musik f\u00fcr Kinder&#8220;Hochschule f\u00fcr Musik und Theater HamburgHarvestehuder Weg 1220148 Hamburg Kuratorium:Prof. Dr. Almuth S\u00fcberkr\u00fcb, Hamburg (Vorsitz)Prof. Dr. Christopher Azzara, Rochester\/NY (USA)Prof. Dr. Hans B\u00e4\u00dfler, HamburgProf. Dr. Andr\u00e9 Lee, HannoverProf. Dr. Helena Rodrigues, Lissabon (Portugal)Prof. [&hellip;]<\/p>\n","protected":false},"author":2,"featured_media":0,"parent":0,"menu_order":0,"comment_status":"closed","ping_status":"closed","template":"","meta":{"footnotes":""},"class_list":["post-25","page","type-page","status-publish","czr-hentry"],"_links":{"self":[{"href":"https:\/\/ganzohr.hfmt-hamburg.de\/index.php\/wp-json\/wp\/v2\/pages\/25","targetHints":{"allow":["GET"]}}],"collection":[{"href":"https:\/\/ganzohr.hfmt-hamburg.de\/index.php\/wp-json\/wp\/v2\/pages"}],"about":[{"href":"https:\/\/ganzohr.hfmt-hamburg.de\/index.php\/wp-json\/wp\/v2\/types\/page"}],"author":[{"embeddable":true,"href":"https:\/\/ganzohr.hfmt-hamburg.de\/index.php\/wp-json\/wp\/v2\/users\/2"}],"replies":[{"embeddable":true,"href":"https:\/\/ganzohr.hfmt-hamburg.de\/index.php\/wp-json\/wp\/v2\/comments?post=25"}],"version-history":[{"count":5,"href":"https:\/\/ganzohr.hfmt-hamburg.de\/index.php\/wp-json\/wp\/v2\/pages\/25\/revisions"}],"predecessor-version":[{"id":1525,"href":"https:\/\/ganzohr.hfmt-hamburg.de\/index.php\/wp-json\/wp\/v2\/pages\/25\/revisions\/1525"}],"wp:attachment":[{"href":"https:\/\/ganzohr.hfmt-hamburg.de\/index.php\/wp-json\/wp\/v2\/media?parent=25"}],"curies":[{"name":"wp","href":"https:\/\/api.w.org\/{rel}","templated":true}]}}